{"id":163,"date":"2021-05-12T15:40:31","date_gmt":"2021-05-12T18:40:31","guid":{"rendered":"https:\/\/www.blog.artesanatocosta.com.br\/?page_id=163"},"modified":"2021-05-12T15:44:35","modified_gmt":"2021-05-12T18:44:35","slug":"quem-somos","status":"publish","type":"page","link":"https:\/\/artesanatocosta.com.br\/blog\/quem-somos\/","title":{"rendered":"Quem Somos"},"content":{"rendered":"<!--themify_builder_content-->\n<div id=\"themify_builder_content-163\" data-postid=\"163\" class=\"themify_builder_content themify_builder_content-163 themify_builder tf_clear\">\n    \t<!-- module_row -->\n\t<div  data-lazy=\"1\" class=\"module_row themify_builder_row tb_7n87802 tb_first clearfix\">\n\t    \t\t<div class=\"row_inner col_align_top tf_box tf_w tf_rel\">\n\t\t\t<div  data-lazy=\"1\" class=\"module_column tb-column col-full first tb_55qv804 tf_box\">\n\t    \t    \t        <div class=\"tb-column-inner tf_box tf_w\">\n\t\t    <!-- module text -->\n<div  class=\"module module-text tb_lq1f660   \" data-lazy=\"1\">\n            <div  class=\"tb_text_wrap\">\n    <h1>Quem Somos<\/h1>    <\/div>\n<\/div>\n<!-- \/module text --><!-- module text -->\n<div  class=\"module module-text tb_lw7a52   \" data-lazy=\"1\">\n            <div  class=\"tb_text_wrap\">\n    <p><!-- wp:paragraph --><\/p>\n<p>Em 1962, teve in\u00edcio a empresa de artigos religiosos Artesanato Costa, especializada na fabrica\u00e7\u00e3o de est\u00e1tuas sacras. Seus modelos constituem a mais extensa e completa linha de imagens cat\u00f3licas do Brasil.<\/p>\n<p><!-- \/wp:paragraph --> <!-- wp:paragraph --><\/p>\n<p>No Costa, o cliente tem \u00e0 sua disposi\u00e7\u00e3o mais de 3.000 itens, entre Jesus, Santos, Crucifixos, Pres\u00e9pios, Nossas Senhoras, Vias Sacras\u2026 Mas se houver necessidade de uma pe\u00e7a especial, o Costa \u00e9 o local certo para faz\u00ea-la! Conta com um time de escultores devidamente capacitados para criar novos modelos, mesmo que a partir de uma simples refer\u00eancia, como por exemplo, uma foto ou pintura.<\/p>\n<p><!-- \/wp:paragraph --> <!-- wp:paragraph --><\/p>\n<p>Al\u00e9m da produ\u00e7\u00e3o de est\u00e1tuas, O Artesanato Costa conta com restauradores especializados em conserva\u00e7\u00e3o de pe\u00e7as hist\u00f3ricas e restauro de arte sacra. Algumas das imagens mais importantes do Brasil foram restauradas pelo Artesanato Costa, como por exemplo, a Nossa Senhora de Nazar\u00e9 de Bel\u00e9m \u2013 PA ou Divino Pai Eterno de Trindade \u2013 GO. Al\u00e9m disso, no Costa \u00e9 poss\u00edvel fazer redu\u00e7\u00f5es ou amplia\u00e7\u00f5es de pe\u00e7as hist\u00f3ricas para que os fi\u00e9is tenham uma r\u00e9plica do Padroeiro em seu lar.<\/p>\n<p><!-- \/wp:paragraph --> <!-- wp:paragraph --><\/p>\n<p>Pesquisa, desenvolvimento e tecnologia aplicados a obras de arte? S\u00f3 o Artesanato Costa tem. As est\u00e1tuas do Artesanato Costa s\u00e3o produzidas com mat\u00e9rias-primas leves, resistentes e muito duradouras. Indicadas para ambientes internos e externos, sempre em materiais de extrema qualidade, dignos e apropriados para valorizar o espa\u00e7o lit\u00fargico.<\/p>\n<p><!-- \/wp:paragraph --> <!-- wp:paragraph --><\/p>\n<p>O Artesanato Costa conta com uma equipe capacitada para prestar uma consultoria completa e personalizada a cada cliente.<\/p>\n<p><!-- \/wp:paragraph --> <!-- wp:paragraph --><\/p>\n<p>A cada est\u00e1tua, o Artesanato Costa busca colocar em pr\u00e1tica seu lema: \u201ctrabalhar com imagens cat\u00f3licas \u00e9 mais que nosso of\u00edcio, \u00e9 nosso apostolado\u201d.<\/p>\n<p><!-- \/wp:paragraph --> <!-- wp:heading --><\/p>\n<h1>Miss\u00e3o<\/h1>\n<p><!-- \/wp:heading --> <!-- wp:paragraph --><\/p>\n<p>Trabalhar com imagens cat\u00f3licas \u00e9 mais que nosso of\u00edcio, \u00e9 nosso apostolado. Auxiliamos pessoas a crescerem e aprofundarem a f\u00e9 cat\u00f3lica. Constru\u00edmos \u201cpontes\u201d entre o humano e o sagrado. Tal miss\u00e3o \u00e9 uma grande responsabilidade, que exige primor e qualidade em cada detalhe.<\/p>\n<p><!-- \/wp:paragraph --> <!-- wp:heading --><\/p>\n<h1>Vis\u00e3o<\/h1>\n<p><!-- \/wp:heading --> <!-- wp:paragraph --><\/p>\n<p>N\u00f3s cumpriremos nossa miss\u00e3o sendo refer\u00eancia em nossa \u00e1rea de atua\u00e7\u00e3o. Visamos o crescimento cont\u00ednuo e sustent\u00e1vel da nossa empresa, aumentando sua presen\u00e7a e participa\u00e7\u00e3o de mercado, sem nunca perder de vista os valores que nos norteiam.<\/p>\n<p><!-- \/wp:paragraph --> <!-- wp:heading --><\/p>\n<h1>Valores<\/h1>\n<p><!-- \/wp:heading --> <!-- wp:paragraph --><\/p>\n<p>\u00c9tica, qualidade, honestidade, transpar\u00eancia nas rela\u00e7\u00f5es, compromisso com o crescimento pessoal e da empresa. Cuidado consigo, com o pr\u00f3ximo e com os detalhes. Responsabilidade no cumprimento das obriga\u00e7\u00f5es.<\/p>\n<p><!-- \/wp:paragraph --><\/p>    <\/div>\n<\/div>\n<!-- \/module text -->\t        <\/div>\n\t    \t<\/div>\n\t\t    <\/div>\n\t    <!-- \/row_inner -->\n\t<\/div>\n\t<!-- \/module_row -->\n\t<\/div>\n<!--\/themify_builder_content-->","protected":false},"excerpt":{"rendered":"<p>Quem Somos Em 1962, teve in\u00edcio a empresa de artigos religiosos Artesanato Costa, especializada na fabrica\u00e7\u00e3o de est\u00e1tuas sacras. Seus modelos constituem a mais extensa e completa linha de imagens cat\u00f3licas do Brasil. No Costa, o cliente tem \u00e0 sua disposi\u00e7\u00e3o mais de 3.000 itens, entre Jesus, Santos, Crucifixos, Pres\u00e9pios, Nossas Senhoras, Vias Sacras\u2026 Mas [&hellip;]<\/p>\n","protected":false},"author":2,"featured_media":0,"parent":0,"menu_order":0,"comment_status":"closed","ping_status":"closed","template":"","meta":{"_monsterinsights_skip_tracking":false,"_monsterinsights_sitenote_active":false,"_monsterinsights_sitenote_note":"","_monsterinsights_sitenote_category":0,"footnotes":""},"class_list":["post-163","page","type-page","status-publish","hentry","has-post-title","has-post-date","has-post-category","has-post-tag","has-post-comment","has-post-author",""],"yoast_head":"<!-- This site is optimized with the Yoast SEO plugin v16.4 - https:\/\/yoast.com\/wordpress\/plugins\/seo\/ -->\n<title>Quem Somos - Blog Artesanato Costa<\/title>\n<meta name=\"robots\" content=\"index, follow, max-snippet:-1, max-image-preview:large, max-video-preview:-1\" \/>\n<link rel=\"canonical\" href=\"https:\/\/www.blog.artesanatocosta.com.br\/quem-somos\/\" \/>\n<meta property=\"og:locale\" content=\"pt_BR\" \/>\n<meta property=\"og:type\" content=\"article\" \/>\n<meta property=\"og:title\" content=\"Quem Somos - Blog Artesanato Costa\" \/>\n<meta property=\"og:description\" content=\"Quem Somos Em 1962, teve in\u00edcio a empresa de artigos religiosos Artesanato Costa, especializada na fabrica\u00e7\u00e3o de est\u00e1tuas sacras. Seus modelos constituem a mais extensa e completa linha de imagens cat\u00f3licas do Brasil. No Costa, o cliente tem \u00e0 sua disposi\u00e7\u00e3o mais de 3.000 itens, entre Jesus, Santos, Crucifixos, Pres\u00e9pios, Nossas Senhoras, Vias Sacras\u2026 Mas [&hellip;]\" \/>\n<meta property=\"og:url\" content=\"https:\/\/www.blog.artesanatocosta.com.br\/quem-somos\/\" \/>\n<meta property=\"og:site_name\" content=\"Blog Artesanato Costa\" \/>\n<meta property=\"article:modified_time\" content=\"2021-05-12T18:44:35+00:00\" \/>\n<meta name=\"twitter:card\" content=\"summary_large_image\" \/>\n<meta name=\"twitter:label1\" content=\"Est. tempo de leitura\" \/>\n\t<meta name=\"twitter:data1\" content=\"2 minutos\" \/>\n<script type=\"application\/ld+json\" class=\"yoast-schema-graph\">{\"@context\":\"https:\/\/schema.org\",\"@graph\":[{\"@type\":\"WebSite\",\"@id\":\"https:\/\/www.blog.artesanatocosta.com.br\/#website\",\"url\":\"https:\/\/www.blog.artesanatocosta.com.br\/\",\"name\":\"Blog Artesanato Costa\",\"description\":\"S\\u00f3 mais um site WordPress\",\"potentialAction\":[{\"@type\":\"SearchAction\",\"target\":\"https:\/\/www.blog.artesanatocosta.com.br\/?s={search_term_string}\",\"query-input\":\"required name=search_term_string\"}],\"inLanguage\":\"pt-BR\"},{\"@type\":\"WebPage\",\"@id\":\"https:\/\/www.blog.artesanatocosta.com.br\/quem-somos\/#webpage\",\"url\":\"https:\/\/www.blog.artesanatocosta.com.br\/quem-somos\/\",\"name\":\"Quem Somos - Blog Artesanato Costa\",\"isPartOf\":{\"@id\":\"https:\/\/www.blog.artesanatocosta.com.br\/#website\"},\"datePublished\":\"2021-05-12T18:40:31+00:00\",\"dateModified\":\"2021-05-12T18:44:35+00:00\",\"breadcrumb\":{\"@id\":\"https:\/\/www.blog.artesanatocosta.com.br\/quem-somos\/#breadcrumb\"},\"inLanguage\":\"pt-BR\",\"potentialAction\":[{\"@type\":\"ReadAction\",\"target\":[\"https:\/\/www.blog.artesanatocosta.com.br\/quem-somos\/\"]}]},{\"@type\":\"BreadcrumbList\",\"@id\":\"https:\/\/www.blog.artesanatocosta.com.br\/quem-somos\/#breadcrumb\",\"itemListElement\":[{\"@type\":\"ListItem\",\"position\":1,\"item\":{\"@type\":\"WebPage\",\"@id\":\"https:\/\/www.blog.artesanatocosta.com.br\/\",\"url\":\"https:\/\/www.blog.artesanatocosta.com.br\/\",\"name\":\"In\\u00edcio\"}},{\"@type\":\"ListItem\",\"position\":2,\"item\":{\"@id\":\"https:\/\/www.blog.artesanatocosta.com.br\/quem-somos\/#webpage\"}}]}]}<\/script>\n<!-- \/ Yoast SEO plugin. -->","builder_content":"<h1>Quem Somos<\/h1>\n<p><\/p> <p>Em 1962, teve in\u00edcio a empresa de artigos religiosos Artesanato Costa, especializada na fabrica\u00e7\u00e3o de est\u00e1tuas sacras. Seus modelos constituem a mais extensa e completa linha de imagens cat\u00f3licas do Brasil.<\/p> <p> <\/p> <p>No Costa, o cliente tem \u00e0 sua disposi\u00e7\u00e3o mais de 3.000 itens, entre Jesus, Santos, Crucifixos, Pres\u00e9pios, Nossas Senhoras, Vias Sacras\u2026 Mas se houver necessidade de uma pe\u00e7a especial, o Costa \u00e9 o local certo para faz\u00ea-la! Conta com um time de escultores devidamente capacitados para criar novos modelos, mesmo que a partir de uma simples refer\u00eancia, como por exemplo, uma foto ou pintura.<\/p> <p> <\/p> <p>Al\u00e9m da produ\u00e7\u00e3o de est\u00e1tuas, O Artesanato Costa conta com restauradores especializados em conserva\u00e7\u00e3o de pe\u00e7as hist\u00f3ricas e restauro de arte sacra. Algumas das imagens mais importantes do Brasil foram restauradas pelo Artesanato Costa, como por exemplo, a Nossa Senhora de Nazar\u00e9 de Bel\u00e9m \u2013 PA ou Divino Pai Eterno de Trindade \u2013 GO. Al\u00e9m disso, no Costa \u00e9 poss\u00edvel fazer redu\u00e7\u00f5es ou amplia\u00e7\u00f5es de pe\u00e7as hist\u00f3ricas para que os fi\u00e9is tenham uma r\u00e9plica do Padroeiro em seu lar.<\/p> <p> <\/p> <p>Pesquisa, desenvolvimento e tecnologia aplicados a obras de arte? S\u00f3 o Artesanato Costa tem. As est\u00e1tuas do Artesanato Costa s\u00e3o produzidas com mat\u00e9rias-primas leves, resistentes e muito duradouras. Indicadas para ambientes internos e externos, sempre em materiais de extrema qualidade, dignos e apropriados para valorizar o espa\u00e7o lit\u00fargico.<\/p> <p> <\/p> <p>O Artesanato Costa conta com uma equipe capacitada para prestar uma consultoria completa e personalizada a cada cliente.<\/p> <p> <\/p> <p>A cada est\u00e1tua, o Artesanato Costa busca colocar em pr\u00e1tica seu lema: \u201ctrabalhar com imagens cat\u00f3licas \u00e9 mais que nosso of\u00edcio, \u00e9 nosso apostolado\u201d.<\/p> <p> <\/p> <h1>Miss\u00e3o<\/h1> <p> <\/p> <p>Trabalhar com imagens cat\u00f3licas \u00e9 mais que nosso of\u00edcio, \u00e9 nosso apostolado. Auxiliamos pessoas a crescerem e aprofundarem a f\u00e9 cat\u00f3lica. Constru\u00edmos \u201cpontes\u201d entre o humano e o sagrado. Tal miss\u00e3o \u00e9 uma grande responsabilidade, que exige primor e qualidade em cada detalhe.<\/p> <p> <\/p> <h1>Vis\u00e3o<\/h1> <p> <\/p> <p>N\u00f3s cumpriremos nossa miss\u00e3o sendo refer\u00eancia em nossa \u00e1rea de atua\u00e7\u00e3o. Visamos o crescimento cont\u00ednuo e sustent\u00e1vel da nossa empresa, aumentando sua presen\u00e7a e participa\u00e7\u00e3o de mercado, sem nunca perder de vista os valores que nos norteiam.<\/p> <p> <\/p> <h1>Valores<\/h1> <p> <\/p> <p>\u00c9tica, qualidade, honestidade, transpar\u00eancia nas rela\u00e7\u00f5es, compromisso com o crescimento pessoal e da empresa. Cuidado consigo, com o pr\u00f3ximo e com os detalhes. Responsabilidade no cumprimento das obriga\u00e7\u00f5es.<\/p> <p><\/p>","_links":{"self":[{"href":"https:\/\/artesanatocosta.com.br\/blog\/wp-json\/wp\/v2\/pages\/163","targetHints":{"allow":["GET"]}}],"collection":[{"href":"https:\/\/artesanatocosta.com.br\/blog\/wp-json\/wp\/v2\/pages"}],"about":[{"href":"https:\/\/artesanatocosta.com.br\/blog\/wp-json\/wp\/v2\/types\/page"}],"author":[{"embeddable":true,"href":"https:\/\/artesanatocosta.com.br\/blog\/wp-json\/wp\/v2\/users\/2"}],"replies":[{"embeddable":true,"href":"https:\/\/artesanatocosta.com.br\/blog\/wp-json\/wp\/v2\/comments?post=163"}],"version-history":[{"count":3,"href":"https:\/\/artesanatocosta.com.br\/blog\/wp-json\/wp\/v2\/pages\/163\/revisions"}],"predecessor-version":[{"id":167,"href":"https:\/\/artesanatocosta.com.br\/blog\/wp-json\/wp\/v2\/pages\/163\/revisions\/167"}],"wp:attachment":[{"href":"https:\/\/artesanatocosta.com.br\/blog\/wp-json\/wp\/v2\/media?parent=163"}],"curies":[{"name":"wp","href":"https:\/\/api.w.org\/{rel}","templated":true}]}}