{"id":145,"date":"2024-12-28T12:19:53","date_gmt":"2024-12-28T15:19:53","guid":{"rendered":"https:\/\/mediumpurple-jay-966367.hostingersite.com\/?page_id=145"},"modified":"2025-01-14T19:46:22","modified_gmt":"2025-01-14T22:46:22","slug":"quem-somos","status":"publish","type":"page","link":"https:\/\/artesanatocosta.com.br\/new\/quem-somos\/","title":{"rendered":"Quem Somos"},"content":{"rendered":"\t\t<div data-elementor-type=\"wp-page\" data-elementor-id=\"145\" class=\"elementor elementor-145\" data-elementor-post-type=\"page\">\n\t\t\t\t<div class=\"elementor-element elementor-element-2ce0470 e-con-full e-flex e-con e-parent\" data-id=\"2ce0470\" data-element_type=\"container\" data-settings=\"{&quot;jet_parallax_layout_list&quot;:[],&quot;background_background&quot;:&quot;video&quot;}\">\n\t\t<div class=\"elementor-element elementor-element-57cb838 e-con-full e-flex e-con e-child\" data-id=\"57cb838\" data-element_type=\"container\" data-settings=\"{&quot;jet_parallax_layout_list&quot;:[]}\">\n\t\t\t\t<div class=\"elementor-element elementor-element-398c748 animated-slow elementor-invisible elementor-widget elementor-widget-heading\" data-id=\"398c748\" data-element_type=\"widget\" data-settings=\"{&quot;_animation&quot;:&quot;fadeInLeft&quot;,&quot;_animation_delay&quot;:200}\" data-widget_type=\"heading.default\">\n\t\t\t\t<div class=\"elementor-widget-container\">\n\t\t\t\t\t<h1 class=\"elementor-heading-title elementor-size-default\">Quem Somos<\/h1>\t\t\t\t<\/div>\n\t\t\t\t<\/div>\n\t\t\t\t<div class=\"elementor-element elementor-element-00b1d6d animated-slow elementor-invisible elementor-widget elementor-widget-text-editor\" data-id=\"00b1d6d\" data-element_type=\"widget\" data-settings=\"{&quot;_animation&quot;:&quot;fadeInLeft&quot;,&quot;_animation_delay&quot;:300}\" data-widget_type=\"text-editor.default\">\n\t\t\t\t<div class=\"elementor-widget-container\">\n\t\t\t\t\t\t\t\t\tSomos um atelier de esculturas cat\u00f3licas\t\t\t\t\t\t\t\t<\/div>\n\t\t\t\t<\/div>\n\t\t\t\t<div class=\"elementor-element elementor-element-44b92ef animated-slow elementor-invisible elementor-widget elementor-widget-text-editor\" data-id=\"44b92ef\" data-element_type=\"widget\" data-settings=\"{&quot;_animation&quot;:&quot;fadeInLeft&quot;,&quot;_animation_delay&quot;:400}\" data-widget_type=\"text-editor.default\">\n\t\t\t\t<div class=\"elementor-widget-container\">\n\t\t\t\t\t\t\t\t\t<p>Por atelier, entende-se um time de especialistas no universo religioso cat\u00f3lico: artistas, escultores, modeladores, artes\u00e3os, restauradores, historiadores qualificados em hagiografia, simbologia e iconografia cat\u00f3lica. Profissionais que conhecem anatomia humana, pintores especializados em carna\u00e7\u00e3o e jogos de luz e sombras, qualidades que intensificam a realidade e a dramaticidade das esculturas.<\/p>\t\t\t\t\t\t\t\t<\/div>\n\t\t\t\t<\/div>\n\t\t\t\t<\/div>\n\t\t<div class=\"elementor-element elementor-element-a2ac75c e-con-full e-flex e-con e-child\" data-id=\"a2ac75c\" data-element_type=\"container\" data-settings=\"{&quot;background_background&quot;:&quot;video&quot;,&quot;jet_parallax_layout_list&quot;:[],&quot;background_video_link&quot;:&quot;https:\\\/\\\/mediumpurple-jay-966367.hostingersite.com\\\/wp-content\\\/uploads\\\/IMG_2350.mp4&quot;,&quot;background_play_on_mobile&quot;:&quot;yes&quot;,&quot;background_privacy_mode&quot;:&quot;yes&quot;}\">\n\t\t<div class=\"elementor-background-video-container\" aria-hidden=\"true\">\n\t\t\t\t\t\t\t<video class=\"elementor-background-video-hosted\" autoplay muted playsinline loop><\/video>\n\t\t\t\t\t<\/div>\t\t<div class=\"elementor-element elementor-element-dec81c7 elementor-widget elementor-widget-image\" data-id=\"dec81c7\" data-element_type=\"widget\" data-widget_type=\"image.default\">\n\t\t\t\t<div class=\"elementor-widget-container\">\n\t\t\t\t\t\t\t\t\t\t\t\t\t\t\t<img decoding=\"async\" src=\"https:\/\/mediumpurple-jay-966367.hostingersite.com\/wp-content\/uploads\/2024\/12\/Place-holder-about-4.jpg\" title=\"\" alt=\"\" loading=\"lazy\" \/>\t\t\t\t\t\t\t\t\t\t\t\t\t\t\t<\/div>\n\t\t\t\t<\/div>\n\t\t\t\t<\/div>\n\t\t\t\t<\/div>\n\t\t<div class=\"elementor-element elementor-element-7cec39c0 e-con-full e-flex e-con e-parent\" data-id=\"7cec39c0\" data-element_type=\"container\" data-settings=\"{&quot;jet_parallax_layout_list&quot;:[]}\">\n\t\t<div class=\"elementor-element elementor-element-50446d8a e-con-full e-flex e-con e-child\" data-id=\"50446d8a\" data-element_type=\"container\" data-settings=\"{&quot;background_background&quot;:&quot;classic&quot;,&quot;jet_parallax_layout_list&quot;:[]}\">\n\t\t\t\t<div class=\"elementor-element elementor-element-e905f07 elementor-widget elementor-widget-image\" data-id=\"e905f07\" data-element_type=\"widget\" data-widget_type=\"image.default\">\n\t\t\t\t<div class=\"elementor-widget-container\">\n\t\t\t\t\t\t\t\t\t\t\t\t\t\t\t<img decoding=\"async\" src=\"https:\/\/mediumpurple-jay-966367.hostingersite.com\/wp-content\/uploads\/2024\/12\/Place-holder-about-4.jpg\" title=\"\" alt=\"\" loading=\"lazy\" \/>\t\t\t\t\t\t\t\t\t\t\t\t\t\t\t<\/div>\n\t\t\t\t<\/div>\n\t\t\t\t<\/div>\n\t\t<div class=\"elementor-element elementor-element-1a507cce e-con-full e-flex e-con e-child\" data-id=\"1a507cce\" data-element_type=\"container\" data-settings=\"{&quot;jet_parallax_layout_list&quot;:[]}\">\n\t\t\t\t<div class=\"elementor-element elementor-element-4baff432 elementor-widget elementor-widget-heading\" data-id=\"4baff432\" data-element_type=\"widget\" data-widget_type=\"heading.default\">\n\t\t\t\t<div class=\"elementor-widget-container\">\n\t\t\t\t\t<h1 class=\"elementor-heading-title elementor-size-default\">Prop\u00f3sito<\/h1>\t\t\t\t<\/div>\n\t\t\t\t<\/div>\n\t\t\t\t<div class=\"elementor-element elementor-element-a085f26 elementor-widget elementor-widget-heading\" data-id=\"a085f26\" data-element_type=\"widget\" data-widget_type=\"heading.default\">\n\t\t\t\t<div class=\"elementor-widget-container\">\n\t\t\t\t\t<h1 class=\"elementor-heading-title elementor-size-default\">Ponte entre humano e Sagrado\n<\/h1>\t\t\t\t<\/div>\n\t\t\t\t<\/div>\n\t\t\t\t<div class=\"elementor-element elementor-element-6d29ef64 elementor-widget elementor-widget-text-editor\" data-id=\"6d29ef64\" data-element_type=\"widget\" data-widget_type=\"text-editor.default\">\n\t\t\t\t<div class=\"elementor-widget-container\">\n\t\t\t\t\t\t\t\t\t<p>\u00cdcones n\u00e3o s\u00e3o pintados, s\u00e3o escritos.<\/p><p>Esculturas e imagens podem ser igualmente escritas.<\/p><p>No Artesanato Costa n\u00e3o existem m\u00e1quinas, existem ferramentas: as M\u00e3os das pessoas que tocam nas pe\u00e7as. As imagens que saem de nossas m\u00e3os carregam a caligrafia de um artista, e conduzem a rezar, s\u00e3o ponte.<\/p><p>Encontrar Deus, especialmente no olhar das imagens que pintamos, \u00e9 o que nos move. Somos uma equipe que se prop\u00f5e a estabelecer aproxima\u00e7\u00e3o, conex\u00e3o, liga\u00e7\u00e3o, experi\u00eancia com o Sagrado.<\/p>\t\t\t\t\t\t\t\t<\/div>\n\t\t\t\t<\/div>\n\t\t\t\t<\/div>\n\t\t\t\t<\/div>\n\t\t<div class=\"elementor-element elementor-element-77f2ee5 e-flex e-con-boxed e-con e-parent\" data-id=\"77f2ee5\" data-element_type=\"container\" data-settings=\"{&quot;jet_parallax_layout_list&quot;:[]}\">\n\t\t\t\t\t<div class=\"e-con-inner\">\n\t\t<div class=\"elementor-element elementor-element-4623dfee e-con-full e-flex e-con e-child\" data-id=\"4623dfee\" data-element_type=\"container\" data-settings=\"{&quot;jet_parallax_layout_list&quot;:[]}\">\n\t\t\t\t<div class=\"elementor-element elementor-element-7ea1482d elementor-widget elementor-widget-image\" data-id=\"7ea1482d\" data-element_type=\"widget\" data-widget_type=\"image.default\">\n\t\t\t\t<div class=\"elementor-widget-container\">\n\t\t\t\t\t\t\t\t\t\t\t\t\t\t\t<img fetchpriority=\"high\" decoding=\"async\" width=\"1920\" height=\"1080\" src=\"https:\/\/artesanatocosta.com.br\/new\/wp-content\/uploads\/2025\/01\/destaque_sao_miguel.webp\" class=\"attachment-full size-full wp-image-252\" alt=\"\" srcset=\"https:\/\/artesanatocosta.com.br\/new\/wp-content\/uploads\/2025\/01\/destaque_sao_miguel.webp 1920w, https:\/\/artesanatocosta.com.br\/new\/wp-content\/uploads\/2025\/01\/destaque_sao_miguel-300x169.webp 300w, https:\/\/artesanatocosta.com.br\/new\/wp-content\/uploads\/2025\/01\/destaque_sao_miguel-1024x576.webp 1024w, https:\/\/artesanatocosta.com.br\/new\/wp-content\/uploads\/2025\/01\/destaque_sao_miguel-768x432.webp 768w, https:\/\/artesanatocosta.com.br\/new\/wp-content\/uploads\/2025\/01\/destaque_sao_miguel-1536x864.webp 1536w\" sizes=\"(max-width: 1920px) 100vw, 1920px\" \/>\t\t\t\t\t\t\t\t\t\t\t\t\t\t\t<\/div>\n\t\t\t\t<\/div>\n\t\t\t\t<\/div>\n\t\t<div class=\"elementor-element elementor-element-77efb843 e-con-full e-flex e-con e-child\" data-id=\"77efb843\" data-element_type=\"container\" data-settings=\"{&quot;jet_parallax_layout_list&quot;:[]}\">\n\t\t\t\t<div class=\"elementor-element elementor-element-6bbd7fa7 elementor-widget elementor-widget-heading\" data-id=\"6bbd7fa7\" data-element_type=\"widget\" data-widget_type=\"heading.default\">\n\t\t\t\t<div class=\"elementor-widget-container\">\n\t\t\t\t\t<h2 class=\"elementor-heading-title elementor-size-default\">Miss\u00e3o<\/h2>\t\t\t\t<\/div>\n\t\t\t\t<\/div>\n\t\t\t\t<div class=\"elementor-element elementor-element-3253fe31 elementor-widget elementor-widget-text-editor\" data-id=\"3253fe31\" data-element_type=\"widget\" data-widget_type=\"text-editor.default\">\n\t\t\t\t<div class=\"elementor-widget-container\">\n\t\t\t\t\t\t\t\t\tTrabalhar com esculturas cat\u00f3licas \u00e9 mais que nosso of\u00edcio, \u00e9 um apostolado. \nSomos \u201cponte entre humano e  Sagrado\u201d e, por meio da arte, auxiliamos na viv\u00eancia da f\u00e9. \n\t\t\t\t\t\t\t\t<\/div>\n\t\t\t\t<\/div>\n\t\t\t\t<\/div>\n\t\t\t\t\t<\/div>\n\t\t\t\t<\/div>\n\t\t<div class=\"elementor-element elementor-element-27d035bb e-flex e-con-boxed e-con e-parent\" data-id=\"27d035bb\" data-element_type=\"container\" data-settings=\"{&quot;jet_parallax_layout_list&quot;:[]}\">\n\t\t\t\t\t<div class=\"e-con-inner\">\n\t\t<div class=\"elementor-element elementor-element-4a46cead e-con-full e-flex e-con e-child\" data-id=\"4a46cead\" data-element_type=\"container\" data-settings=\"{&quot;jet_parallax_layout_list&quot;:[]}\">\n\t\t\t\t<div class=\"elementor-element elementor-element-30449cd5 elementor-widget elementor-widget-heading\" data-id=\"30449cd5\" data-element_type=\"widget\" data-widget_type=\"heading.default\">\n\t\t\t\t<div class=\"elementor-widget-container\">\n\t\t\t\t\t<h2 class=\"elementor-heading-title elementor-size-default\">Vis\u00e3o<\/h2>\t\t\t\t<\/div>\n\t\t\t\t<\/div>\n\t\t\t\t<div class=\"elementor-element elementor-element-2e6aab7d elementor-widget elementor-widget-text-editor\" data-id=\"2e6aab7d\" data-element_type=\"widget\" data-widget_type=\"text-editor.default\">\n\t\t\t\t<div class=\"elementor-widget-container\">\n\t\t\t\t\t\t\t\t\t<p><span style=\"font-weight: 400;\">Visamos ser refer\u00eancia em Arte Sacra, apresentar profundo conhecimento e primor em cada detalhe, dos produtos aos relacionamentos. <\/span><\/p>\t\t\t\t\t\t\t\t<\/div>\n\t\t\t\t<\/div>\n\t\t\t\t<\/div>\n\t\t<div class=\"elementor-element elementor-element-2382c53 e-con-full e-flex e-con e-child\" data-id=\"2382c53\" data-element_type=\"container\" data-settings=\"{&quot;jet_parallax_layout_list&quot;:[]}\">\n\t\t\t\t<div class=\"elementor-element elementor-element-718006d0 elementor-widget elementor-widget-image\" data-id=\"718006d0\" data-element_type=\"widget\" data-widget_type=\"image.default\">\n\t\t\t\t<div class=\"elementor-widget-container\">\n\t\t\t\t\t\t\t\t\t\t\t\t\t\t\t<img decoding=\"async\" width=\"800\" height=\"450\" src=\"https:\/\/artesanatocosta.com.br\/new\/wp-content\/uploads\/2025\/01\/destaque_pe_gracas-1024x576.webp\" class=\"attachment-large size-large wp-image-251\" alt=\"\" srcset=\"https:\/\/artesanatocosta.com.br\/new\/wp-content\/uploads\/2025\/01\/destaque_pe_gracas-1024x576.webp 1024w, https:\/\/artesanatocosta.com.br\/new\/wp-content\/uploads\/2025\/01\/destaque_pe_gracas-300x169.webp 300w, https:\/\/artesanatocosta.com.br\/new\/wp-content\/uploads\/2025\/01\/destaque_pe_gracas-768x432.webp 768w, https:\/\/artesanatocosta.com.br\/new\/wp-content\/uploads\/2025\/01\/destaque_pe_gracas-1536x864.webp 1536w, https:\/\/artesanatocosta.com.br\/new\/wp-content\/uploads\/2025\/01\/destaque_pe_gracas.webp 1920w\" sizes=\"(max-width: 800px) 100vw, 800px\" \/>\t\t\t\t\t\t\t\t\t\t\t\t\t\t\t<\/div>\n\t\t\t\t<\/div>\n\t\t\t\t<\/div>\n\t\t\t\t\t<\/div>\n\t\t\t\t<\/div>\n\t\t<div class=\"elementor-element elementor-element-d5626d9 e-flex e-con-boxed e-con e-parent\" data-id=\"d5626d9\" data-element_type=\"container\" data-settings=\"{&quot;jet_parallax_layout_list&quot;:[]}\">\n\t\t\t\t\t<div class=\"e-con-inner\">\n\t\t<div class=\"elementor-element elementor-element-3f45b2d e-con-full e-flex e-con e-child\" data-id=\"3f45b2d\" data-element_type=\"container\" data-settings=\"{&quot;jet_parallax_layout_list&quot;:[]}\">\n\t\t\t\t<div class=\"elementor-element elementor-element-63fa9b1 elementor-widget elementor-widget-image\" data-id=\"63fa9b1\" data-element_type=\"widget\" data-widget_type=\"image.default\">\n\t\t\t\t<div class=\"elementor-widget-container\">\n\t\t\t\t\t\t\t\t\t\t\t\t\t\t\t<img decoding=\"async\" width=\"800\" height=\"600\" src=\"https:\/\/artesanatocosta.com.br\/new\/wp-content\/uploads\/2025\/01\/img_6203-1024x768.webp\" class=\"attachment-large size-large wp-image-253\" alt=\"\" srcset=\"https:\/\/artesanatocosta.com.br\/new\/wp-content\/uploads\/2025\/01\/img_6203-1024x768.webp 1024w, https:\/\/artesanatocosta.com.br\/new\/wp-content\/uploads\/2025\/01\/img_6203-300x225.webp 300w, https:\/\/artesanatocosta.com.br\/new\/wp-content\/uploads\/2025\/01\/img_6203-768x576.webp 768w, https:\/\/artesanatocosta.com.br\/new\/wp-content\/uploads\/2025\/01\/img_6203-1536x1152.webp 1536w, https:\/\/artesanatocosta.com.br\/new\/wp-content\/uploads\/2025\/01\/img_6203.webp 2000w\" sizes=\"(max-width: 800px) 100vw, 800px\" \/>\t\t\t\t\t\t\t\t\t\t\t\t\t\t\t<\/div>\n\t\t\t\t<\/div>\n\t\t\t\t<\/div>\n\t\t<div class=\"elementor-element elementor-element-b9f417c e-con-full e-flex e-con e-child\" data-id=\"b9f417c\" data-element_type=\"container\" data-settings=\"{&quot;jet_parallax_layout_list&quot;:[]}\">\n\t\t\t\t<div class=\"elementor-element elementor-element-dbb57e0 elementor-widget elementor-widget-heading\" data-id=\"dbb57e0\" data-element_type=\"widget\" data-widget_type=\"heading.default\">\n\t\t\t\t<div class=\"elementor-widget-container\">\n\t\t\t\t\t<h2 class=\"elementor-heading-title elementor-size-default\">Valores<\/h2>\t\t\t\t<\/div>\n\t\t\t\t<\/div>\n\t\t\t\t<div class=\"elementor-element elementor-element-c5f38f4 elementor-widget elementor-widget-text-editor\" data-id=\"c5f38f4\" data-element_type=\"widget\" data-widget_type=\"text-editor.default\">\n\t\t\t\t<div class=\"elementor-widget-container\">\n\t\t\t\t\t\t\t\t\t<p><span style=\"font-weight: 400;\">\u00c9tica, excel\u00eancia, qualidade, honestidade, respeito e transpar\u00eancia nas rela\u00e7\u00f5es, compromisso e cuidado com o crescimento das pessoas e da empresa. Responsabilidade no cumprimento das obriga\u00e7\u00f5es. Humildade.<\/span><\/p>\t\t\t\t\t\t\t\t<\/div>\n\t\t\t\t<\/div>\n\t\t\t\t<\/div>\n\t\t\t\t\t<\/div>\n\t\t\t\t<\/div>\n\t\t\t\t<\/div>\n\t\t","protected":false},"excerpt":{"rendered":"<p>Quem Somos Somos um atelier de esculturas cat\u00f3licas Por atelier, entende-se um time de especialistas no universo religioso cat\u00f3lico: artistas, escultores, modeladores, artes\u00e3os, restauradores, historiadores qualificados em hagiografia, simbologia e iconografia cat\u00f3lica. Profissionais que conhecem anatomia humana, pintores especializados em carna\u00e7\u00e3o e jogos de luz e sombras, qualidades que intensificam a realidade e a dramaticidade [&hellip;]<\/p>\n","protected":false},"author":1,"featured_media":0,"parent":0,"menu_order":0,"comment_status":"closed","ping_status":"closed","template":"","meta":{"footnotes":""},"class_list":["post-145","page","type-page","status-publish","hentry"],"_links":{"self":[{"href":"https:\/\/artesanatocosta.com.br\/new\/wp-json\/wp\/v2\/pages\/145","targetHints":{"allow":["GET"]}}],"collection":[{"href":"https:\/\/artesanatocosta.com.br\/new\/wp-json\/wp\/v2\/pages"}],"about":[{"href":"https:\/\/artesanatocosta.com.br\/new\/wp-json\/wp\/v2\/types\/page"}],"author":[{"embeddable":true,"href":"https:\/\/artesanatocosta.com.br\/new\/wp-json\/wp\/v2\/users\/1"}],"replies":[{"embeddable":true,"href":"https:\/\/artesanatocosta.com.br\/new\/wp-json\/wp\/v2\/comments?post=145"}],"version-history":[{"count":20,"href":"https:\/\/artesanatocosta.com.br\/new\/wp-json\/wp\/v2\/pages\/145\/revisions"}],"predecessor-version":[{"id":277,"href":"https:\/\/artesanatocosta.com.br\/new\/wp-json\/wp\/v2\/pages\/145\/revisions\/277"}],"wp:attachment":[{"href":"https:\/\/artesanatocosta.com.br\/new\/wp-json\/wp\/v2\/media?parent=145"}],"curies":[{"name":"wp","href":"https:\/\/api.w.org\/{rel}","templated":true}]}}